{"id":989199,"date":"2026-04-06T14:06:06","date_gmt":"2026-04-06T12:06:06","guid":{"rendered":"https:\/\/pat-sege.com\/?post_type=product&#038;p=989199"},"modified":"2026-04-14T18:49:46","modified_gmt":"2026-04-14T16:49:46","slug":"sukienka-w-kwiaty-floral-allure","status":"publish","type":"product","link":"https:\/\/pat-sege.com\/en\/sklep\/wszystkie\/sukienki-wszystkie\/sukienka-w-kwiaty-floral-allure\/","title":{"rendered":"SUKIENKA FLORAL ALLURE"},"content":{"rendered":"<div class=\"vgblk-rw-wrapper limit-wrapper\">Elegancka sukienka w kwiaty, wykonana z wysokiej jako\u015bci grubej tkaniny \u017cakardowej. Posiada elegancki bia\u0142y ko\u0142nierz o oryginalnym kszta\u0142cie, kt\u00f3ry nadaje jej wyj\u0105tkowo dziewcz\u0119cego charakteru. Dodatkowo, sukienka zosta\u0142a wzbogacona w aksamitne wi\u0105zania na mankietach oraz przy ko\u0142nierzu. Idealna na eleganckie wyj\u015bcia, przyj\u0119cia, \u015bwi\u0119ta oraz jako dope\u0142nienie codziennych stylizacji.<br \/>\nSukienka posiada lu\u017any kr\u00f3j &#8211; zalecamy sprawdzenie tabeli rozmiar\u00f3w.<\/p>\n<\/div>\n<p><!-- .vgblk-rw-wrapper --><\/p>","protected":false},"excerpt":{"rendered":"<ul>\n<li>Materia\u0142: wysokiej jako\u015bci gruba tkanina \u017cakardowa z kwiatowym wzorem<\/li>\n<li>Ko\u0142nierz: wlegancki, bia\u0142y, o oryginalnym kszta\u0142cie<\/li>\n<li>Dodatki: aksamitne wi\u0105zania na mankietach oraz przy ko\u0142nierzu<\/li>\n<li>Styl: dziewcz\u0119cy, elegancki \u2013 idealna na przyj\u0119cia, \u015bwi\u0119ta, eleganckie wyj\u015bcia i codzienne stylizacje<\/li>\n<\/ul>","protected":false},"featured_media":987903,"comment_status":"closed","ping_status":"closed","template":"","meta":{"_acf_changed":false},"product_brand":[],"product_cat":[210,234,230,229],"product_tag":[],"class_list":{"0":"post-989199","1":"product","2":"type-product","3":"status-publish","4":"has-post-thumbnail","6":"product_cat-bestsellers","7":"product_cat-sale-wszystkie","8":"product_cat-sukienki-wszystkie","9":"product_cat-wszystkie","11":"first","12":"instock","13":"sale","14":"taxable","15":"shipping-taxable","16":"purchasable","17":"product-type-variable"},"acf":[],"yoast_head":"<!-- This site is optimized with the Yoast SEO plugin v27.3 - https:\/\/yoast.com\/product\/yoast-seo-wordpress\/ -->\n<title>SUKIENKA FLORAL ALLURE - PAT SEGE<\/title>\n<meta name=\"description\" content=\"Elegancka sukienka w kwiaty, wykonana z wysokiej jako\u015bci grubej tkaniny \u017cakardowej.\" \/>\n<meta name=\"robots\" content=\"index, follow, max-snippet:-1, max-image-preview:large, max-video-preview:-1\" \/>\n<link rel=\"canonical\" href=\"https:\/\/pat-sege.com\/en\/sklep\/wszystkie\/sukienki-wszystkie\/sukienka-w-kwiaty-floral-allure\/\" \/>\n<meta property=\"og:locale\" content=\"en_GB\" \/>\n<meta property=\"og:type\" content=\"article\" \/>\n<meta property=\"og:title\" content=\"SUKIENKA FLORAL ALLURE - PAT SEGE\" \/>\n<meta property=\"og:description\" content=\"Elegancka sukienka w kwiaty, wykonana z wysokiej jako\u015bci grubej tkaniny \u017cakardowej.\" \/>\n<meta property=\"og:url\" content=\"https:\/\/pat-sege.com\/en\/sklep\/wszystkie\/sukienki-wszystkie\/sukienka-w-kwiaty-floral-allure\/\" \/>\n<meta property=\"og:site_name\" content=\"PAT SEGE\" \/>\n<meta property=\"article:publisher\" content=\"https:\/\/www.facebook.com\/profile.php?id=61556849613949\" \/>\n<meta property=\"article:modified_time\" content=\"2026-04-14T16:49:46+00:00\" \/>\n<meta property=\"og:image\" content=\"https:\/\/pat-sege.com\/wp-content\/uploads\/2026\/03\/2-10.jpg\" \/>\n\t<meta property=\"og:image:width\" content=\"1080\" \/>\n\t<meta property=\"og:image:height\" content=\"1620\" \/>\n\t<meta property=\"og:image:type\" content=\"image\/jpeg\" \/>\n<meta name=\"twitter:card\" content=\"summary_large_image\" \/>\n<meta name=\"twitter:label1\" content=\"Estimated reading time\" \/>\n\t<meta name=\"twitter:data1\" content=\"1 minute\" \/>\n<script type=\"application\/ld+json\" class=\"yoast-schema-graph\">{\"@context\":\"https:\\\/\\\/schema.org\",\"@graph\":[{\"@type\":\"WebPage\",\"@id\":\"https:\\\/\\\/pat-sege.com\\\/sklep\\\/wszystkie\\\/sukienki-wszystkie\\\/sukienka-w-kwiaty-floral-allure\\\/\",\"url\":\"https:\\\/\\\/pat-sege.com\\\/sklep\\\/wszystkie\\\/sukienki-wszystkie\\\/sukienka-w-kwiaty-floral-allure\\\/\",\"name\":\"SUKIENKA FLORAL ALLURE - PAT SEGE\",\"isPartOf\":{\"@id\":\"https:\\\/\\\/pat-sege.com\\\/#website\"},\"primaryImageOfPage\":{\"@id\":\"https:\\\/\\\/pat-sege.com\\\/sklep\\\/wszystkie\\\/sukienki-wszystkie\\\/sukienka-w-kwiaty-floral-allure\\\/#primaryimage\"},\"image\":{\"@id\":\"https:\\\/\\\/pat-sege.com\\\/sklep\\\/wszystkie\\\/sukienki-wszystkie\\\/sukienka-w-kwiaty-floral-allure\\\/#primaryimage\"},\"thumbnailUrl\":\"https:\\\/\\\/pat-sege.com\\\/wp-content\\\/uploads\\\/2026\\\/03\\\/2-10.jpg\",\"datePublished\":\"2026-04-06T12:06:06+00:00\",\"dateModified\":\"2026-04-14T16:49:46+00:00\",\"description\":\"Elegancka sukienka w kwiaty, wykonana z wysokiej jako\u015bci grubej tkaniny \u017cakardowej.\",\"breadcrumb\":{\"@id\":\"https:\\\/\\\/pat-sege.com\\\/sklep\\\/wszystkie\\\/sukienki-wszystkie\\\/sukienka-w-kwiaty-floral-allure\\\/#breadcrumb\"},\"inLanguage\":\"en-GB\",\"potentialAction\":[{\"@type\":\"ReadAction\",\"target\":[\"https:\\\/\\\/pat-sege.com\\\/sklep\\\/wszystkie\\\/sukienki-wszystkie\\\/sukienka-w-kwiaty-floral-allure\\\/\"]}]},{\"@type\":\"ImageObject\",\"inLanguage\":\"en-GB\",\"@id\":\"https:\\\/\\\/pat-sege.com\\\/sklep\\\/wszystkie\\\/sukienki-wszystkie\\\/sukienka-w-kwiaty-floral-allure\\\/#primaryimage\",\"url\":\"https:\\\/\\\/pat-sege.com\\\/wp-content\\\/uploads\\\/2026\\\/03\\\/2-10.jpg\",\"contentUrl\":\"https:\\\/\\\/pat-sege.com\\\/wp-content\\\/uploads\\\/2026\\\/03\\\/2-10.jpg\",\"width\":1080,\"height\":1620},{\"@type\":\"BreadcrumbList\",\"@id\":\"https:\\\/\\\/pat-sege.com\\\/sklep\\\/wszystkie\\\/sukienki-wszystkie\\\/sukienka-w-kwiaty-floral-allure\\\/#breadcrumb\",\"itemListElement\":[{\"@type\":\"ListItem\",\"position\":1,\"name\":\"Strona g\u0142\u00f3wna\",\"item\":\"https:\\\/\\\/pat-sege.com\\\/\"},{\"@type\":\"ListItem\",\"position\":2,\"name\":\"Sklep\",\"item\":\"https:\\\/\\\/pat-sege.com\\\/sklep\\\/\"},{\"@type\":\"ListItem\",\"position\":3,\"name\":\"SUKIENKA FLORAL ALLURE\"}]},{\"@type\":\"WebSite\",\"@id\":\"https:\\\/\\\/pat-sege.com\\\/#website\",\"url\":\"https:\\\/\\\/pat-sege.com\\\/\",\"name\":\"PAT SEGE\",\"description\":\"polska marka\",\"publisher\":{\"@id\":\"https:\\\/\\\/pat-sege.com\\\/#organization\"},\"potentialAction\":[{\"@type\":\"SearchAction\",\"target\":{\"@type\":\"EntryPoint\",\"urlTemplate\":\"https:\\\/\\\/pat-sege.com\\\/?s={search_term_string}\"},\"query-input\":{\"@type\":\"PropertyValueSpecification\",\"valueRequired\":true,\"valueName\":\"search_term_string\"}}],\"inLanguage\":\"en-GB\"},{\"@type\":\"Organization\",\"@id\":\"https:\\\/\\\/pat-sege.com\\\/#organization\",\"name\":\"PAT SEGE\",\"url\":\"https:\\\/\\\/pat-sege.com\\\/\",\"logo\":{\"@type\":\"ImageObject\",\"inLanguage\":\"en-GB\",\"@id\":\"https:\\\/\\\/pat-sege.com\\\/#\\\/schema\\\/logo\\\/image\\\/\",\"url\":\"https:\\\/\\\/pat-sege.com\\\/wp-content\\\/uploads\\\/2026\\\/03\\\/pat-sege-logo-web.png\",\"contentUrl\":\"https:\\\/\\\/pat-sege.com\\\/wp-content\\\/uploads\\\/2026\\\/03\\\/pat-sege-logo-web.png\",\"width\":380,\"height\":99,\"caption\":\"PAT SEGE\"},\"image\":{\"@id\":\"https:\\\/\\\/pat-sege.com\\\/#\\\/schema\\\/logo\\\/image\\\/\"},\"sameAs\":[\"https:\\\/\\\/www.facebook.com\\\/profile.php?id=61556849613949\",\"https:\\\/\\\/www.instagram.com\\\/pat.sege\\\/\"]}]}<\/script>\n<!-- \/ Yoast SEO plugin. -->","yoast_head_json":{"title":"SUKIENKA FLORAL ALLURE - PAT SEGE","description":"Elegancka sukienka w kwiaty, wykonana z wysokiej jako\u015bci grubej tkaniny \u017cakardowej.","robots":{"index":"index","follow":"follow","max-snippet":"max-snippet:-1","max-image-preview":"max-image-preview:large","max-video-preview":"max-video-preview:-1"},"canonical":"https:\/\/pat-sege.com\/en\/sklep\/wszystkie\/sukienki-wszystkie\/sukienka-w-kwiaty-floral-allure\/","og_locale":"en_GB","og_type":"article","og_title":"SUKIENKA FLORAL ALLURE - PAT SEGE","og_description":"Elegancka sukienka w kwiaty, wykonana z wysokiej jako\u015bci grubej tkaniny \u017cakardowej.","og_url":"https:\/\/pat-sege.com\/en\/sklep\/wszystkie\/sukienki-wszystkie\/sukienka-w-kwiaty-floral-allure\/","og_site_name":"PAT SEGE","article_publisher":"https:\/\/www.facebook.com\/profile.php?id=61556849613949","article_modified_time":"2026-04-14T16:49:46+00:00","og_image":[{"width":1080,"height":1620,"url":"https:\/\/pat-sege.com\/wp-content\/uploads\/2026\/03\/2-10.jpg","type":"image\/jpeg"}],"twitter_card":"summary_large_image","twitter_misc":{"Estimated reading time":"1 minute"},"schema":{"@context":"https:\/\/schema.org","@graph":[{"@type":"WebPage","@id":"https:\/\/pat-sege.com\/sklep\/wszystkie\/sukienki-wszystkie\/sukienka-w-kwiaty-floral-allure\/","url":"https:\/\/pat-sege.com\/sklep\/wszystkie\/sukienki-wszystkie\/sukienka-w-kwiaty-floral-allure\/","name":"SUKIENKA FLORAL ALLURE - PAT SEGE","isPartOf":{"@id":"https:\/\/pat-sege.com\/#website"},"primaryImageOfPage":{"@id":"https:\/\/pat-sege.com\/sklep\/wszystkie\/sukienki-wszystkie\/sukienka-w-kwiaty-floral-allure\/#primaryimage"},"image":{"@id":"https:\/\/pat-sege.com\/sklep\/wszystkie\/sukienki-wszystkie\/sukienka-w-kwiaty-floral-allure\/#primaryimage"},"thumbnailUrl":"https:\/\/pat-sege.com\/wp-content\/uploads\/2026\/03\/2-10.jpg","datePublished":"2026-04-06T12:06:06+00:00","dateModified":"2026-04-14T16:49:46+00:00","description":"Elegancka sukienka w kwiaty, wykonana z wysokiej jako\u015bci grubej tkaniny \u017cakardowej.","breadcrumb":{"@id":"https:\/\/pat-sege.com\/sklep\/wszystkie\/sukienki-wszystkie\/sukienka-w-kwiaty-floral-allure\/#breadcrumb"},"inLanguage":"en-GB","potentialAction":[{"@type":"ReadAction","target":["https:\/\/pat-sege.com\/sklep\/wszystkie\/sukienki-wszystkie\/sukienka-w-kwiaty-floral-allure\/"]}]},{"@type":"ImageObject","inLanguage":"en-GB","@id":"https:\/\/pat-sege.com\/sklep\/wszystkie\/sukienki-wszystkie\/sukienka-w-kwiaty-floral-allure\/#primaryimage","url":"https:\/\/pat-sege.com\/wp-content\/uploads\/2026\/03\/2-10.jpg","contentUrl":"https:\/\/pat-sege.com\/wp-content\/uploads\/2026\/03\/2-10.jpg","width":1080,"height":1620},{"@type":"BreadcrumbList","@id":"https:\/\/pat-sege.com\/sklep\/wszystkie\/sukienki-wszystkie\/sukienka-w-kwiaty-floral-allure\/#breadcrumb","itemListElement":[{"@type":"ListItem","position":1,"name":"Strona g\u0142\u00f3wna","item":"https:\/\/pat-sege.com\/"},{"@type":"ListItem","position":2,"name":"Sklep","item":"https:\/\/pat-sege.com\/sklep\/"},{"@type":"ListItem","position":3,"name":"SUKIENKA FLORAL ALLURE"}]},{"@type":"WebSite","@id":"https:\/\/pat-sege.com\/#website","url":"https:\/\/pat-sege.com\/","name":"PAT SEGE","description":"polska marka","publisher":{"@id":"https:\/\/pat-sege.com\/#organization"},"potentialAction":[{"@type":"SearchAction","target":{"@type":"EntryPoint","urlTemplate":"https:\/\/pat-sege.com\/?s={search_term_string}"},"query-input":{"@type":"PropertyValueSpecification","valueRequired":true,"valueName":"search_term_string"}}],"inLanguage":"en-GB"},{"@type":"Organization","@id":"https:\/\/pat-sege.com\/#organization","name":"PAT SEGE","url":"https:\/\/pat-sege.com\/","logo":{"@type":"ImageObject","inLanguage":"en-GB","@id":"https:\/\/pat-sege.com\/#\/schema\/logo\/image\/","url":"https:\/\/pat-sege.com\/wp-content\/uploads\/2026\/03\/pat-sege-logo-web.png","contentUrl":"https:\/\/pat-sege.com\/wp-content\/uploads\/2026\/03\/pat-sege-logo-web.png","width":380,"height":99,"caption":"PAT SEGE"},"image":{"@id":"https:\/\/pat-sege.com\/#\/schema\/logo\/image\/"},"sameAs":["https:\/\/www.facebook.com\/profile.php?id=61556849613949","https:\/\/www.instagram.com\/pat.sege\/"]}]}},"jetpack_sharing_enabled":true,"_links":{"self":[{"href":"https:\/\/pat-sege.com\/en\/wp-json\/wp\/v2\/product\/989199","targetHints":{"allow":["GET"]}}],"collection":[{"href":"https:\/\/pat-sege.com\/en\/wp-json\/wp\/v2\/product"}],"about":[{"href":"https:\/\/pat-sege.com\/en\/wp-json\/wp\/v2\/types\/product"}],"replies":[{"embeddable":true,"href":"https:\/\/pat-sege.com\/en\/wp-json\/wp\/v2\/comments?post=989199"}],"wp:featuredmedia":[{"embeddable":true,"href":"https:\/\/pat-sege.com\/en\/wp-json\/wp\/v2\/media\/987903"}],"wp:attachment":[{"href":"https:\/\/pat-sege.com\/en\/wp-json\/wp\/v2\/media?parent=989199"}],"wp:term":[{"taxonomy":"product_brand","embeddable":true,"href":"https:\/\/pat-sege.com\/en\/wp-json\/wp\/v2\/product_brand?post=989199"},{"taxonomy":"product_cat","embeddable":true,"href":"https:\/\/pat-sege.com\/en\/wp-json\/wp\/v2\/product_cat?post=989199"},{"taxonomy":"product_tag","embeddable":true,"href":"https:\/\/pat-sege.com\/en\/wp-json\/wp\/v2\/product_tag?post=989199"}],"curies":[{"name":"wp","href":"https:\/\/api.w.org\/{rel}","templated":true}]}}